{"id":446,"date":"2025-08-31T13:35:52","date_gmt":"2025-08-31T13:35:52","guid":{"rendered":"http:\/\/novosite.migueltorga.pt\/?page_id=446"},"modified":"2025-08-31T14:28:38","modified_gmt":"2025-08-31T14:28:38","slug":"departamentos","status":"publish","type":"page","link":"http:\/\/novosite.migueltorga.pt\/index.php\/departamentos\/","title":{"rendered":"Departamentos"},"content":{"rendered":"\n<div class=\"wp-block-uagb-container uagb-block-6536f952 alignfull uagb-is-root-container\"><div class=\"uagb-container-inner-blocks-wrap\">\n<div class=\"wp-block-uagb-advanced-heading uagb-block-e30f070a\"><h2 class=\"uagb-heading-text\">Departamento do Pr\u00e9-escolar<\/h2><\/div>\n\n\n\n<figure class=\"wp-block-table is-style-stripes\"><table class=\"has-fixed-layout\"><thead><tr><th class=\"has-text-align-center\" data-align=\"center\">Grupo<\/th><th class=\"has-text-align-center\" data-align=\"center\">Nome<\/th><\/tr><\/thead><tbody><tr><td class=\"has-text-align-center\" data-align=\"center\">100<\/td><td class=\"has-text-align-center\" data-align=\"center\">Ana Ribeiro<\/td><\/tr><tr><td class=\"has-text-align-center\" data-align=\"center\">100<\/td><td class=\"has-text-align-center\" data-align=\"center\">Maria Bebiano<\/td><\/tr><tr><td class=\"has-text-align-center\" data-align=\"center\">100<\/td><td class=\"has-text-align-center\" data-align=\"center\">Lurdes Almeida<\/td><\/tr><tr><td class=\"has-text-align-center\" data-align=\"center\">100<\/td><td class=\"has-text-align-center\" data-align=\"center\"><\/td><\/tr><tr><td class=\"has-text-align-center\" data-align=\"center\">100<\/td><td class=\"has-text-align-center\" data-align=\"center\"><\/td><\/tr><\/tbody><\/table><\/figure>\n<\/div><\/div>\n\n\n\n<div class=\"wp-block-uagb-container uagb-block-e82dec22 alignfull uagb-is-root-container\"><div class=\"uagb-container-inner-blocks-wrap\">\n<div class=\"wp-block-uagb-advanced-heading uagb-block-1a319ee9\"><h2 class=\"uagb-heading-text\">Departamento do 1.\u00ba Ciclo<\/h2><\/div>\n\n\n\n<figure class=\"wp-block-table is-style-stripes\"><table class=\"has-fixed-layout\"><thead><tr><th class=\"has-text-align-center\" data-align=\"center\">Grupo<\/th><th class=\"has-text-align-center\" data-align=\"center\">Nome<\/th><\/tr><\/thead><tbody><tr><td class=\"has-text-align-center\" data-align=\"center\">110<\/td><td class=\"has-text-align-center\" data-align=\"center\"><\/td><\/tr><tr><td class=\"has-text-align-center\" data-align=\"center\">110<\/td><td class=\"has-text-align-center\" data-align=\"center\"><\/td><\/tr><tr><td class=\"has-text-align-center\" data-align=\"center\">110<\/td><td class=\"has-text-align-center\" data-align=\"center\"><\/td><\/tr><tr><td class=\"has-text-align-center\" data-align=\"center\">110<\/td><td class=\"has-text-align-center\" data-align=\"center\"><\/td><\/tr><tr><td class=\"has-text-align-center\" data-align=\"center\">110<\/td><td class=\"has-text-align-center\" data-align=\"center\"><\/td><\/tr><\/tbody><\/table><\/figure>\n<\/div><\/div>\n\n\n\n<div class=\"wp-block-uagb-container uagb-block-81bec318 alignfull uagb-is-root-container\"><div class=\"uagb-container-inner-blocks-wrap\">\n<div class=\"wp-block-uagb-advanced-heading uagb-block-2617de63\"><h2 class=\"uagb-heading-text\">Departamento de Express\u00f5es<\/h2><\/div>\n\n\n\n<figure class=\"wp-block-table is-style-stripes\"><table class=\"has-fixed-layout\"><thead><tr><th class=\"has-text-align-center\" data-align=\"center\">Grupo<\/th><th class=\"has-text-align-center\" data-align=\"center\">Nome<\/th><\/tr><\/thead><tbody><tr><td class=\"has-text-align-center\" data-align=\"center\">240<\/td><td class=\"has-text-align-center\" data-align=\"center\">No\u00e9mia Pereira<\/td><\/tr><tr><td class=\"has-text-align-center\" data-align=\"center\">250<\/td><td class=\"has-text-align-center\" data-align=\"center\">Ant\u00f3nio Correia<\/td><\/tr><tr><td class=\"has-text-align-center\" data-align=\"center\">260<\/td><td class=\"has-text-align-center\" data-align=\"center\">V\u00edtor Almeida<\/td><\/tr><tr><td class=\"has-text-align-center\" data-align=\"center\">260<\/td><td class=\"has-text-align-center\" data-align=\"center\">Vitorino Cardoso<\/td><\/tr><tr><td class=\"has-text-align-center\" data-align=\"center\">600<\/td><td class=\"has-text-align-center\" data-align=\"center\">Ester Silva<\/td><\/tr><tr><td class=\"has-text-align-center\" data-align=\"center\">620<\/td><td class=\"has-text-align-center\" data-align=\"center\">Ana Ferreira<\/td><\/tr><tr><td class=\"has-text-align-center\" data-align=\"center\">620<\/td><td class=\"has-text-align-center\" data-align=\"center\">B\u00e1rbara Pereira<\/td><\/tr><tr><td class=\"has-text-align-center\" data-align=\"center\">620<\/td><td class=\"has-text-align-center\" data-align=\"center\">Carla Fernandes<\/td><\/tr><tr><td class=\"has-text-align-center\" data-align=\"center\">620<\/td><td class=\"has-text-align-center\" data-align=\"center\">Filipe Matos<\/td><\/tr><tr><td class=\"has-text-align-center\" data-align=\"center\">620<\/td><td class=\"has-text-align-center\" data-align=\"center\">Jos\u00e9 Pombo<\/td><\/tr><tr><td class=\"has-text-align-center\" data-align=\"center\">620<\/td><td class=\"has-text-align-center\" data-align=\"center\">Rafael \u00c1guia<\/td><\/tr><tr><td class=\"has-text-align-center\" data-align=\"center\">620<\/td><td class=\"has-text-align-center\" data-align=\"center\">Teresa Paulo<br><strong>Coordenadora<\/strong><\/td><\/tr><tr><td class=\"has-text-align-center\" data-align=\"center\">910<\/td><td class=\"has-text-align-center\" data-align=\"center\">Cristina Mendes<\/td><\/tr><tr><td class=\"has-text-align-center\" data-align=\"center\">910<\/td><td class=\"has-text-align-center\" data-align=\"center\">Paula Fernandes<\/td><\/tr><\/tbody><\/table><\/figure>\n<\/div><\/div>\n\n\n\n<div class=\"wp-block-uagb-container uagb-block-254673d7 alignfull uagb-is-root-container\"><div class=\"uagb-container-inner-blocks-wrap\">\n<div class=\"wp-block-uagb-advanced-heading uagb-block-b0d26d40\"><h2 class=\"uagb-heading-text\">Departamento de L\u00ednguas<\/h2><\/div>\n\n\n\n<figure class=\"wp-block-table is-style-stripes\"><table class=\"has-fixed-layout\"><thead><tr><th class=\"has-text-align-center\" data-align=\"center\">Grupo<\/th><th class=\"has-text-align-center\" data-align=\"center\">Nome<\/th><\/tr><\/thead><tbody><tr><td class=\"has-text-align-center\" data-align=\"center\">120<\/td><td class=\"has-text-align-center\" data-align=\"center\"><\/td><\/tr><tr><td class=\"has-text-align-center\" data-align=\"center\">220<\/td><td class=\"has-text-align-center\" data-align=\"center\">Madalena Os\u00f3rio<\/td><\/tr><tr><td class=\"has-text-align-center\" data-align=\"center\">300<\/td><td class=\"has-text-align-center\" data-align=\"center\">L\u00eddia Gomes<\/td><\/tr><tr><td class=\"has-text-align-center\" data-align=\"center\">300<\/td><td class=\"has-text-align-center\" data-align=\"center\">Mar\u00edlia Vieira<\/td><\/tr><tr><td class=\"has-text-align-center\" data-align=\"center\">300<\/td><td class=\"has-text-align-center\" data-align=\"center\">Zulmira Peixoto<\/td><\/tr><tr><td class=\"has-text-align-center\" data-align=\"center\">320<\/td><td class=\"has-text-align-center\" data-align=\"center\">Nelson Fernandes<\/td><\/tr><tr><td class=\"has-text-align-center\" data-align=\"center\">330<\/td><td class=\"has-text-align-center\" data-align=\"center\">Isabel Carvalho<br><strong>Coordenadora<\/strong><\/td><\/tr><tr><td class=\"has-text-align-center\" data-align=\"center\">330<\/td><td class=\"has-text-align-center\" data-align=\"center\">Isabel Soares<\/td><\/tr><tr><td class=\"has-text-align-center\" data-align=\"center\">330<\/td><td class=\"has-text-align-center\" data-align=\"center\">Judite Freitas<\/td><\/tr><\/tbody><\/table><\/figure>\n<\/div><\/div>\n\n\n\n<div class=\"wp-block-uagb-container uagb-block-6a3c383c alignfull uagb-is-root-container\"><div class=\"uagb-container-inner-blocks-wrap\">\n<div class=\"wp-block-uagb-advanced-heading uagb-block-988b2cd5\"><h2 class=\"uagb-heading-text\">Departamento de Ci\u00eancias Sociais e Humanas<\/h2><\/div>\n\n\n\n<figure class=\"wp-block-table is-style-stripes\"><table class=\"has-fixed-layout\"><thead><tr><th class=\"has-text-align-center\" data-align=\"center\">Grupo<\/th><th class=\"has-text-align-center\" data-align=\"center\">Nome<\/th><\/tr><\/thead><tbody><tr><td class=\"has-text-align-center\" data-align=\"center\">200<\/td><td class=\"has-text-align-center\" data-align=\"center\">Ana Correia<\/td><\/tr><tr><td class=\"has-text-align-center\" data-align=\"center\">200<\/td><td class=\"has-text-align-center\" data-align=\"center\">L\u00facia Ribeiro<\/td><\/tr><tr><td class=\"has-text-align-center\" data-align=\"center\">200<\/td><td class=\"has-text-align-center\" data-align=\"center\">Margarida Barros<\/td><\/tr><tr><td class=\"has-text-align-center\" data-align=\"center\">290<\/td><td class=\"has-text-align-center\" data-align=\"center\">Ant\u00f3nio Areias<\/td><\/tr><tr><td class=\"has-text-align-center\" data-align=\"center\">290<\/td><td class=\"has-text-align-center\" data-align=\"center\">Maria Coutinho<\/td><\/tr><tr><td class=\"has-text-align-center\" data-align=\"center\">400<\/td><td class=\"has-text-align-center\" data-align=\"center\">Hugo Bento<br><strong>Coordenador<\/strong><\/td><\/tr><tr><td class=\"has-text-align-center\" data-align=\"center\">400<\/td><td class=\"has-text-align-center\" data-align=\"center\">Carla Matos<\/td><\/tr><tr><td class=\"has-text-align-center\" data-align=\"center\">410<\/td><td class=\"has-text-align-center\" data-align=\"center\">Virg\u00ednia Pinheiro<\/td><\/tr><tr><td class=\"has-text-align-center\" data-align=\"center\">420<\/td><td class=\"has-text-align-center\" data-align=\"center\">Aur\u00e9lia Pimentel<\/td><\/tr><tr><td class=\"has-text-align-center\" data-align=\"center\">420<\/td><td class=\"has-text-align-center\" data-align=\"center\">Jo\u00e3o Sim\u00f5es<\/td><\/tr><\/tbody><\/table><\/figure>\n<\/div><\/div>\n\n\n\n<div class=\"wp-block-uagb-container uagb-block-1bde83af alignfull uagb-is-root-container\"><div class=\"uagb-container-inner-blocks-wrap\">\n<div class=\"wp-block-uagb-advanced-heading uagb-block-89c08697\"><h2 class=\"uagb-heading-text\">Departamento de Matem\u00e1tica e Ci\u00eancias Experimentais<\/h2><\/div>\n\n\n\n<figure class=\"wp-block-table is-style-stripes\"><table class=\"has-fixed-layout\"><thead><tr><th class=\"has-text-align-center\" data-align=\"center\">Grupo<\/th><th class=\"has-text-align-center\" data-align=\"center\">Nome<\/th><\/tr><\/thead><tbody><tr><td class=\"has-text-align-center\" data-align=\"center\">230<\/td><td class=\"has-text-align-center\" data-align=\"center\">Jos\u00e9 Guimar\u00e3es<\/td><\/tr><tr><td class=\"has-text-align-center\" data-align=\"center\">230<\/td><td class=\"has-text-align-center\" data-align=\"center\">Jos\u00e9 Os\u00f3rio<\/td><\/tr><tr><td class=\"has-text-align-center\" data-align=\"center\">500<\/td><td class=\"has-text-align-center\" data-align=\"center\">Cristina Valadares<\/td><\/tr><tr><td class=\"has-text-align-center\" data-align=\"center\">500<\/td><td class=\"has-text-align-center\" data-align=\"center\">F\u00e9lix P\u00f3voa<\/td><\/tr><tr><td class=\"has-text-align-center\" data-align=\"center\">500<\/td><td class=\"has-text-align-center\" data-align=\"center\">Laura Ribeiro<\/td><\/tr><tr><td class=\"has-text-align-center\" data-align=\"center\">500<\/td><td class=\"has-text-align-center\" data-align=\"center\">Paulo Gon\u00e7alves<\/td><\/tr><tr><td class=\"has-text-align-center\" data-align=\"center\">510<\/td><td class=\"has-text-align-center\" data-align=\"center\">Agostinho Machado<\/td><\/tr><tr><td class=\"has-text-align-center\" data-align=\"center\">510<\/td><td class=\"has-text-align-center\" data-align=\"center\">Alexandra Casanova<\/td><\/tr><tr><td class=\"has-text-align-center\" data-align=\"center\">520<\/td><td class=\"has-text-align-center\" data-align=\"center\">Florbela Peixoto<br><strong>Coordenadora<\/strong><\/td><\/tr><tr><td class=\"has-text-align-center\" data-align=\"center\">520<\/td><td class=\"has-text-align-center\" data-align=\"center\">Lu\u00edsa Moreira<\/td><\/tr><tr><td class=\"has-text-align-center\" data-align=\"center\">520<\/td><td class=\"has-text-align-center\" data-align=\"center\">Magda Teixeira<\/td><\/tr><tr><td class=\"has-text-align-center\" data-align=\"center\">520<\/td><td class=\"has-text-align-center\" data-align=\"center\">Patr\u00edcia Sousa<\/td><\/tr><tr><td class=\"has-text-align-center\" data-align=\"center\">550<\/td><td class=\"has-text-align-center\" data-align=\"center\">S\u00edlvia Santos<\/td><\/tr><\/tbody><\/table><\/figure>\n<\/div><\/div>\n","protected":false},"excerpt":{"rendered":"<p>Departamento do Pr\u00e9-escolar Grupo Nome 100 Ana Ribeiro 100 Maria Bebiano 100 Lurdes Almeida 100 100 Departamento do 1.\u00ba Ciclo Grupo Nome 110 110 110 110 110 Departamento de Express\u00f5es Grupo Nome 240 No\u00e9mia Pereira 250 Ant\u00f3nio Correia 260 V\u00edtor Almeida 260 Vitorino Cardoso 600 Ester Silva 620 Ana Ferreira 620 B\u00e1rbara Pereira 620 Carla&hellip;&nbsp;<a href=\"http:\/\/novosite.migueltorga.pt\/index.php\/departamentos\/\" rel=\"bookmark\"><span class=\"screen-reader-text\">Departamentos<\/span><\/a><\/p>\n","protected":false},"author":3,"featured_media":0,"parent":0,"menu_order":0,"comment_status":"closed","ping_status":"closed","template":"","meta":{"_uag_custom_page_level_css":"","neve_meta_sidebar":"","neve_meta_container":"","neve_meta_enable_content_width":"","neve_meta_content_width":0,"neve_meta_title_alignment":"","neve_meta_author_avatar":"","neve_post_elements_order":"","neve_meta_disable_header":"","neve_meta_disable_footer":"","neve_meta_disable_title":"","footnotes":""},"class_list":["post-446","page","type-page","status-publish","hentry"],"uagb_featured_image_src":{"full":false,"thumbnail":false,"medium":false,"medium_large":false,"large":false,"1536x1536":false,"2048x2048":false,"neve-blog":false},"uagb_author_info":{"display_name":"Admin.AEMT","author_link":"http:\/\/novosite.migueltorga.pt\/index.php\/author\/admin-aemt\/"},"uagb_comment_info":0,"uagb_excerpt":"Departamento do Pr\u00e9-escolar Grupo Nome 100 Ana Ribeiro 100 Maria Bebiano 100 Lurdes Almeida 100 100 Departamento do 1.\u00ba Ciclo Grupo Nome 110 110 110 110 110 Departamento de Express\u00f5es Grupo Nome 240 No\u00e9mia Pereira 250 Ant\u00f3nio Correia 260 V\u00edtor Almeida 260 Vitorino Cardoso 600 Ester Silva 620 Ana Ferreira 620 B\u00e1rbara Pereira 620 Carla&hellip;&nbsp;Departamentos","_links":{"self":[{"href":"http:\/\/novosite.migueltorga.pt\/index.php\/wp-json\/wp\/v2\/pages\/446","targetHints":{"allow":["GET"]}}],"collection":[{"href":"http:\/\/novosite.migueltorga.pt\/index.php\/wp-json\/wp\/v2\/pages"}],"about":[{"href":"http:\/\/novosite.migueltorga.pt\/index.php\/wp-json\/wp\/v2\/types\/page"}],"author":[{"embeddable":true,"href":"http:\/\/novosite.migueltorga.pt\/index.php\/wp-json\/wp\/v2\/users\/3"}],"replies":[{"embeddable":true,"href":"http:\/\/novosite.migueltorga.pt\/index.php\/wp-json\/wp\/v2\/comments?post=446"}],"version-history":[{"count":5,"href":"http:\/\/novosite.migueltorga.pt\/index.php\/wp-json\/wp\/v2\/pages\/446\/revisions"}],"predecessor-version":[{"id":465,"href":"http:\/\/novosite.migueltorga.pt\/index.php\/wp-json\/wp\/v2\/pages\/446\/revisions\/465"}],"wp:attachment":[{"href":"http:\/\/novosite.migueltorga.pt\/index.php\/wp-json\/wp\/v2\/media?parent=446"}],"curies":[{"name":"wp","href":"https:\/\/api.w.org\/{rel}","templated":true}]}}