{"id":444,"date":"2025-08-31T13:35:26","date_gmt":"2025-08-31T13:35:26","guid":{"rendered":"http:\/\/novosite.migueltorga.pt\/?page_id=444"},"modified":"2025-09-30T18:48:42","modified_gmt":"2025-09-30T18:48:42","slug":"conselho-pedagogico","status":"publish","type":"page","link":"http:\/\/novosite.migueltorga.pt\/index.php\/conselho-pedagogico\/","title":{"rendered":"Conselho Pedag\u00f3gico"},"content":{"rendered":"\n<div class=\"wp-block-uagb-container uagb-block-b27e6cef alignfull uagb-is-root-container\"><div class=\"uagb-container-inner-blocks-wrap\">\n<figure class=\"wp-block-table is-style-stripes\"><table class=\"has-fixed-layout\"><thead><tr><th class=\"has-text-align-center\" data-align=\"center\">Cargo<\/th><th class=\"has-text-align-center\" data-align=\"center\">Nome<\/th><\/tr><\/thead><tbody><tr><td class=\"has-text-align-center\" data-align=\"center\">Diretora<\/td><td class=\"has-text-align-center\" data-align=\"center\">Joana Mour\u00e3o<\/td><\/tr><tr><td class=\"has-text-align-center\" data-align=\"center\">Coordenadora do departamento da Educa\u00e7\u00e3o Pr\u00e9-Escolar<\/td><td class=\"has-text-align-center\" data-align=\"center\"><\/td><\/tr><tr><td class=\"has-text-align-center\" data-align=\"center\">Coordenadora do departamento do 1\u00ba Ciclo<\/td><td class=\"has-text-align-center\" data-align=\"center\"><\/td><\/tr><tr><td class=\"has-text-align-center\" data-align=\"center\">Coordenadora do departamento de l\u00ednguas<\/td><td class=\"has-text-align-center\" data-align=\"center\">Isabel Carvalho<\/td><\/tr><tr><td class=\"has-text-align-center\" data-align=\"center\">Coordenador do departamento de ci\u00eancias sociais e humanas<\/td><td class=\"has-text-align-center\" data-align=\"center\">Hugo Bento<\/td><\/tr><tr><td class=\"has-text-align-center\" data-align=\"center\">Coordenadora do departamento de matem\u00e1tica e ci\u00eancias<br>experimentais<\/td><td class=\"has-text-align-center\" data-align=\"center\">Florbela Peixoto<\/td><\/tr><tr><td class=\"has-text-align-center\" data-align=\"center\">Coordenadora do departamento de express\u00f5es<\/td><td class=\"has-text-align-center\" data-align=\"center\">Teresa Paulo<\/td><\/tr><tr><td class=\"has-text-align-center\" data-align=\"center\">Coordenadora do 1\u00ba ciclo<\/td><td class=\"has-text-align-center\" data-align=\"center\"><\/td><\/tr><tr><td class=\"has-text-align-center\" data-align=\"center\">Coordenadora dos 2\u00ba e 3\u00ba ciclos<\/td><td class=\"has-text-align-center\" data-align=\"center\">Judite Freitas<\/td><\/tr><tr><td class=\"has-text-align-center\" data-align=\"center\">Coordenador de ciclo do ensino secund\u00e1rio<\/td><td class=\"has-text-align-center\" data-align=\"center\">Agostinho Machado<\/td><\/tr><tr><td class=\"has-text-align-center\" data-align=\"center\">Coordenadora da biblioteca escolar<\/td><td class=\"has-text-align-center\" data-align=\"center\">Lu\u00edsa Moreira<\/td><\/tr><tr><td class=\"has-text-align-center\" data-align=\"center\">Coordenadora do plano de forma\u00e7\u00e3o<\/td><td class=\"has-text-align-center\" data-align=\"center\">Isabel Soares<\/td><\/tr><tr><td class=\"has-text-align-center\" data-align=\"center\">Coordenador das ofertas formativas<\/td><td class=\"has-text-align-center\" data-align=\"center\">Filipe Matos<\/td><\/tr><tr><td class=\"has-text-align-center\" data-align=\"center\">Representante do grupo da educa\u00e7\u00e3o especial<\/td><td class=\"has-text-align-center\" data-align=\"center\">Paula Fernandes<\/td><\/tr><tr><td class=\"has-text-align-center\" data-align=\"center\">Coordenadora da estrat\u00e9gia de educa\u00e7\u00e3o para a cidadania de<br>escola<\/td><td class=\"has-text-align-center\" data-align=\"center\">Alexandra Casanova<\/td><\/tr><\/tbody><\/table><\/figure>\n<\/div><\/div>\n","protected":false},"excerpt":{"rendered":"<p>Cargo Nome Diretora Joana Mour\u00e3o Coordenadora do departamento da Educa\u00e7\u00e3o Pr\u00e9-Escolar Coordenadora do departamento do 1\u00ba Ciclo Coordenadora do departamento de l\u00ednguas Isabel Carvalho Coordenador do departamento de ci\u00eancias sociais e humanas Hugo Bento Coordenadora do departamento de matem\u00e1tica e ci\u00eanciasexperimentais Florbela Peixoto Coordenadora do departamento de express\u00f5es Teresa Paulo Coordenadora do 1\u00ba ciclo Coordenadora&hellip;&nbsp;<a href=\"http:\/\/novosite.migueltorga.pt\/index.php\/conselho-pedagogico\/\" rel=\"bookmark\"><span class=\"screen-reader-text\">Conselho Pedag\u00f3gico<\/span><\/a><\/p>\n","protected":false},"author":3,"featured_media":0,"parent":0,"menu_order":0,"comment_status":"closed","ping_status":"closed","template":"","meta":{"_uag_custom_page_level_css":"","neve_meta_sidebar":"","neve_meta_container":"","neve_meta_enable_content_width":"","neve_meta_content_width":0,"neve_meta_title_alignment":"","neve_meta_author_avatar":"","neve_post_elements_order":"","neve_meta_disable_header":"","neve_meta_disable_footer":"","neve_meta_disable_title":"","footnotes":""},"class_list":["post-444","page","type-page","status-publish","hentry"],"uagb_featured_image_src":{"full":false,"thumbnail":false,"medium":false,"medium_large":false,"large":false,"1536x1536":false,"2048x2048":false,"neve-blog":false},"uagb_author_info":{"display_name":"Admin.AEMT","author_link":"http:\/\/novosite.migueltorga.pt\/index.php\/author\/admin-aemt\/"},"uagb_comment_info":0,"uagb_excerpt":"Cargo Nome Diretora Joana Mour\u00e3o Coordenadora do departamento da Educa\u00e7\u00e3o Pr\u00e9-Escolar Coordenadora do departamento do 1\u00ba Ciclo Coordenadora do departamento de l\u00ednguas Isabel Carvalho Coordenador do departamento de ci\u00eancias sociais e humanas Hugo Bento Coordenadora do departamento de matem\u00e1tica e ci\u00eanciasexperimentais Florbela Peixoto Coordenadora do departamento de express\u00f5es Teresa Paulo Coordenadora do 1\u00ba ciclo Coordenadora&hellip;&nbsp;Conselho&hellip;","_links":{"self":[{"href":"http:\/\/novosite.migueltorga.pt\/index.php\/wp-json\/wp\/v2\/pages\/444","targetHints":{"allow":["GET"]}}],"collection":[{"href":"http:\/\/novosite.migueltorga.pt\/index.php\/wp-json\/wp\/v2\/pages"}],"about":[{"href":"http:\/\/novosite.migueltorga.pt\/index.php\/wp-json\/wp\/v2\/types\/page"}],"author":[{"embeddable":true,"href":"http:\/\/novosite.migueltorga.pt\/index.php\/wp-json\/wp\/v2\/users\/3"}],"replies":[{"embeddable":true,"href":"http:\/\/novosite.migueltorga.pt\/index.php\/wp-json\/wp\/v2\/comments?post=444"}],"version-history":[{"count":3,"href":"http:\/\/novosite.migueltorga.pt\/index.php\/wp-json\/wp\/v2\/pages\/444\/revisions"}],"predecessor-version":[{"id":583,"href":"http:\/\/novosite.migueltorga.pt\/index.php\/wp-json\/wp\/v2\/pages\/444\/revisions\/583"}],"wp:attachment":[{"href":"http:\/\/novosite.migueltorga.pt\/index.php\/wp-json\/wp\/v2\/media?parent=444"}],"curies":[{"name":"wp","href":"https:\/\/api.w.org\/{rel}","templated":true}]}}